{"id":31,"date":"2014-04-27T03:01:12","date_gmt":"2014-04-27T01:01:12","guid":{"rendered":"http:\/\/lesamisdegurlhie.fr\/?page_id=31"},"modified":"2015-08-31T21:26:22","modified_gmt":"2015-08-31T19:26:22","slug":"le-livre","status":"publish","type":"page","link":"http:\/\/lesamisdegurlhie.fr\/?page_id=31","title":{"rendered":"Le livre"},"content":{"rendered":"<hr \/>\n<p><a href=\"http:\/\/lesamisdegurlhie.fr\/wp-content\/uploads\/2014\/04\/840_002.jpg\"><img loading=\"lazy\" decoding=\"async\" class=\"size-medium wp-image-81 alignleft\" src=\"http:\/\/lesamisdegurlhie.fr\/wp-content\/uploads\/2014\/04\/840_001-249x300.jpg\" alt=\"840_001\" width=\"249\" height=\"300\" srcset=\"http:\/\/lesamisdegurlhie.fr\/wp-content\/uploads\/2014\/04\/840_001-249x300.jpg 249w, http:\/\/lesamisdegurlhie.fr\/wp-content\/uploads\/2014\/04\/840_001.jpg 607w\" sizes=\"auto, (max-width: 249px) 100vw, 249px\" \/><img loading=\"lazy\" decoding=\"async\" class=\"size-medium wp-image-80 alignright\" src=\"http:\/\/lesamisdegurlhie.fr\/wp-content\/uploads\/2014\/04\/840_002-247x300.jpg\" alt=\"840_002\" width=\"247\" height=\"300\" srcset=\"http:\/\/lesamisdegurlhie.fr\/wp-content\/uploads\/2014\/04\/840_002-247x300.jpg 247w, http:\/\/lesamisdegurlhie.fr\/wp-content\/uploads\/2014\/04\/840_002.jpg 601w\" sizes=\"auto, (max-width: 247px) 100vw, 247px\" \/><\/a><\/p>\n<p>&nbsp;<\/p>\n<p>&nbsp;<\/p>\n<p>&nbsp;<\/p>\n<p>&nbsp;<\/p>\n<p>&nbsp;<\/p>\n<p>&nbsp;<\/p>\n<p>&nbsp;<\/p>\n<p>&nbsp;<\/p>\n<p style=\"text-align: center;\">Disponible en librairie et offices du tourisme dans les d\u00e9partements de Dr\u00f4me et d&rsquo;Ard\u00e8che au prix de 28\u20ac.<\/p>\n<p><script>\/\/ <![CDATA[\n(function(i,s,o,g,r,a,m){i['GoogleAnalyticsObject']=r;i[r]=i[r]||function(){ (i[r].q=i[r].q||[]).push(arguments)},i[r].l=1*new Date();a=s.createElement(o), m=s.getElementsByTagName(o)[0];a.async=1;a.src=g;m.parentNode.insertBefore(a,m) })(window,document,'script','\/\/www.google-analytics.com\/analytics.js','ga'); ga('create', 'UA-51725554-1', 'gurlhie.fr'); ga('send', 'pageview');\n\/\/ ]]><\/script><\/p>\n","protected":false},"excerpt":{"rendered":"<p>&nbsp; &nbsp; &nbsp; &nbsp; &nbsp; &nbsp; &nbsp; &nbsp; Disponible en librairie et offices du tourisme dans les d\u00e9partements de Dr\u00f4me et d&rsquo;Ard\u00e8che au prix de 28\u20ac.<\/p>\n","protected":false},"author":1,"featured_media":0,"parent":0,"menu_order":0,"comment_status":"open","ping_status":"closed","template":"","meta":{"footnotes":""},"class_list":["post-31","page","type-page","status-publish","hentry"],"_links":{"self":[{"href":"http:\/\/lesamisdegurlhie.fr\/index.php?rest_route=\/wp\/v2\/pages\/31","targetHints":{"allow":["GET"]}}],"collection":[{"href":"http:\/\/lesamisdegurlhie.fr\/index.php?rest_route=\/wp\/v2\/pages"}],"about":[{"href":"http:\/\/lesamisdegurlhie.fr\/index.php?rest_route=\/wp\/v2\/types\/page"}],"author":[{"embeddable":true,"href":"http:\/\/lesamisdegurlhie.fr\/index.php?rest_route=\/wp\/v2\/users\/1"}],"replies":[{"embeddable":true,"href":"http:\/\/lesamisdegurlhie.fr\/index.php?rest_route=%2Fwp%2Fv2%2Fcomments&post=31"}],"version-history":[{"count":10,"href":"http:\/\/lesamisdegurlhie.fr\/index.php?rest_route=\/wp\/v2\/pages\/31\/revisions"}],"predecessor-version":[{"id":85,"href":"http:\/\/lesamisdegurlhie.fr\/index.php?rest_route=\/wp\/v2\/pages\/31\/revisions\/85"}],"wp:attachment":[{"href":"http:\/\/lesamisdegurlhie.fr\/index.php?rest_route=%2Fwp%2Fv2%2Fmedia&parent=31"}],"curies":[{"name":"wp","href":"https:\/\/api.w.org\/{rel}","templated":true}]}}